{"id":6376,"date":"2023-05-15T16:28:29","date_gmt":"2023-05-15T16:28:29","guid":{"rendered":"https:\/\/itopus.eu\/privatumo-politika\/"},"modified":"2023-10-03T07:25:49","modified_gmt":"2023-10-03T07:25:49","slug":"prvacy-policy","status":"publish","type":"page","link":"https:\/\/itopus.eu\/en\/prvacy-policy\/","title":{"rendered":"Prvacy policy"},"content":{"rendered":"\n<p><strong>DUOMEN\u0172 APSAUGA<\/strong><\/p>\n\n\n\n<p>\u0160i\u0105 Privatumo ir slapuk\u0173 politik\u0105 (toliau \u2013 Politika) taikome tais atvejais, kai lankot\u0117s itopus.eu interneto svetain\u0117je. \u0160i Politika netaikoma, kai nar\u0161ote kit\u0173 bendrovi\u0173 interneto svetain\u0117se patekdami per itopus.eu interneto svetain\u0119.<\/p>\n\n\n\n<p>M\u016bs\u0173 interneto svetain\u0117s lankytoj\u0173 duomenis renkame laikydamiesi Lietuvos Respublikos asmens duomen\u0173 teisin\u0117s apsaugos \u012fstatymo, Lietuvos Respublikos elektronini\u0173 ry\u0161i\u0173 \u012fstatymo, Europos S\u0105jungos asmens duomen\u0173 apsaugos \u012fstatym\u0173,&nbsp;kit\u0173 susijusi\u0173 teis\u0117s akt\u0173 bei kontroliuojan\u010di\u0173 institucij\u0173 nurodym\u0173.<\/p>\n\n\n\n<p><strong>Renkami duomenys<\/strong><\/p>\n\n\n\n<p>Naudodami slapukus renkame duomenis apie svetain\u0117s naudojim\u0105. Slapuk\u0173 tipai ir j\u0173 paskirtis yra pateikti lentel\u0117je \u017eemiau.<\/p>\n\n\n\n<p>Surinktus duomenis apie itopus.eu svetain\u0117s lankytojus atsakingai saugome nuo praradimo, neleistino naudojimo ir pakeitim\u0173. itopus.eu darbuotojai yra ra\u0161ti\u0161kai \u012fsipareigoj\u0119 tre\u010diosioms \u0161alims neatskleisti ir neplatinti darbo vietoje gaunamos informacijos apie bendrov\u0117s klientus, \u012fskaitant ir itopus.eu svetain\u0117s lankytojus.<\/p>\n\n\n\n<p><strong>Slapuk\u0173 naudojimas<\/strong><\/p>\n\n\n\n<p>Jums besilankant itopus.eu interneto svetain\u0117je, norime pateikti informacij\u0105 ir funkcijas, pritaikytas tik Jums. Tam reikalingi slapukai (angl. cookies). Tai nedideli informacijos elementai, i\u0161saugomi J\u016bs\u0173 interneto nar\u0161ykl\u0117je. Jie padeda mums atpa\u017einti Jus kaip ankstesn\u012f itopus.eu interneto svetain\u0117s lankytoj\u0105, i\u0161saugoti J\u016bs\u0173 lankymosi svetain\u0117je istorij\u0105 ir pagal tai pritaikyti turin\u012f. Taip pat slapukai padeda u\u017etikrinti skland\u0173 svetain\u0117s veikim\u0105, leid\u017eia steb\u0117ti lankymosi itopus.eu interneto svetain\u0117je trukm\u0119, da\u017enum\u0105 bei rinkti statistin\u0119 informacij\u0105 apie svetain\u0117s lankytoj\u0173 skai\u010di\u0173. Analizuodami \u0161iuos duomenis galime svetain\u0119 tobulinti, padaryti j\u0105 patogesn\u0119 Jums. Apsilank\u0119 itopus.eu interneto svetain\u0117je J\u016bs galite pasirinkti, ar norite naudoti slapukus. Jei nesutinkate, kad \u012f J\u016bs\u0173 kompiuter\u012f ar kit\u0105 \u012frengin\u012f b\u016bt\u0173 \u012fra\u0161omi slapukai, bet kada galite at\u0161aukti sutikim\u0105 juos naudoti pakeit\u0119 nustatymus ir i\u0161tryn\u0119 \u012fra\u0161ytus slapukus.<\/p>\n\n\n\n<p><strong>Duomenys apie naudojamus slapukus<\/strong><\/p>\n\n\n\n<figure class=\"wp-block-table\"><table><thead><tr><td>Pavadinimas<\/td><td>Apra\u0161ymas<\/td><td>Suk\u016brimo momentas\/ Galiojimo laikas<\/td><\/tr><\/thead><tbody><tr><td>CMSSESSIDX<\/td><td>Standartinis slapukas, naudojamas vartotojo sesijai palaikyti.<\/td><td>\u012e\u0117jimo \u012f puslap\u012f metu\/ iki interneto svetain\u0117s lango u\u017edarymo<\/td><\/tr><tr><td>cookiesAgree<\/td><td>Slapukas, naudojamas atpa\u017einti ar sutikote su slapuk\u0173 naudojimu m\u016bs\u0173 svetain\u0117je<\/td><td>Nuo sutikimo\/Iki i\u0161trynimo<\/td><\/tr><tr><td>cookiesLevelX<\/td><td>Slapukas, atskiriantis kokius slapukus leid\u017eiate naudoti m\u016bs\u0173 svetain\u0117je<\/td><td>Nuo sutikimo\/Iki i\u0161trynimo<\/td><\/tr><tr><td>_ga<\/td><td>\u0160\u012f slapuk\u0105 naudoja \u201eGoogle Analytics&#8221;, kad \u012fvertint\u0173 vartotojo apsilankymo tikslus, parengt\u0173 ataskaitas apie tinklalapio aktyvum\u0105 svetaini\u0173 operatoriams ir pagerint\u0173 kliento patirt\u012f besilankant svetain\u0117je<\/td><td>Nuo sutikimo\/ 2 metai.<\/td><\/tr><tr><td>_gat<\/td><td>\u0160ie slapukai naudojami \u201eGoogle Analytics&#8221;&nbsp;statistinei informacijai apie interneto svetain\u0117s lankomum\u0105 rinkti.<\/td><td>Pirm\u0105 kart\u0105 at\u0117jus \u012f puslap\u012f\/ iki sesijos pabaigos<\/td><\/tr><tr><td>_gid<\/td><td>\u0160is slapukas naudojamas \u201eGoogle Analytics&#8221;&nbsp;siekiant atpa\u017einti Asmen\u012f.<\/td><td>Pirmo \u012f\u0117jimo \u012f puslap\u012f metu\/ 2 dienos<\/td><\/tr><\/tbody><\/table><\/figure>\n\n\n\n<p>Nor\u0117dami daugiau su\u017einoti apie slapukus, pavyzd\u017eiui, kaip juos valdyti ar i\u0161trinti, galite apsilankyti:&nbsp;<a href=\"http:\/\/www.allaboutcookies.org\/\">http:\/\/www.allaboutcookies.org<\/a><br>Nor\u0117dami su\u017einoti, kaip panaikinti internetini\u0173 puslapi\u0173 steb\u0117jim\u0105 \u201eGoogle Analytics&#8221; slapukais, galite aplankyti:&nbsp;<a href=\"http:\/\/tools.google.com\/dlpage\/gaoptout\">http:\/\/tools.google.com\/dlpage\/gaoptout<\/a><\/p>\n\n\n\n<p><strong>Slapuk\u0173 r\u016b\u0161ys<\/strong><\/p>\n\n\n\n<p>Slapukai yra seanso ir ilgalaikiai bei pirmosios arba tre\u010diosios \u0161alies slapukai. Toliau paai\u0161kinsime, k\u0105 rei\u0161kia \u0161ie terminai, kad gal\u0117tum\u0117te geriau suprasti m\u016bs\u0173 naudojamus slapukus ir d\u0117l ko jie naudojami.<\/p>\n\n\n\n<p><strong>Seanso slapukai<\/strong><br>Seanso slapukai leid\u017eia Jus atpa\u017einti per vien\u0105 apsilankym\u0105 m\u016bs\u0173 svetain\u0117je, kad visi puslapio pakeitimai arba pasirinkimai b\u016bt\u0173 \u012fsimenami keliaujant i\u0161 vieno puslapio \u012f kit\u0105. \u0160ie slapukai leid\u017eia greitai ir lengvai eiti per daugyb\u0119 svetain\u0117s puslapi\u0173, kad kaskart apsilankius naujoje vietoje nereik\u0117t\u0173 i\u0161 naujo apdoroti informacijos. Seanso slapukai yra laikini ir i\u0161nyksta vos tik u\u017everiate nar\u0161ykl\u0119 arba atsijungiate nuo svetain\u0117s.<\/p>\n\n\n\n<p><strong>Ilgalaikiai slapukai<\/strong><br>Ilgalaikiai slapukai \u2013 tai tokie slapukai, kurie nustatyt\u0105 laikotarp\u012f i\u0161lieka J\u016bs\u0173 kompiuteryje pasibaigus nar\u0161ymo seansui, tod\u0117l gali \u012fra\u0161yti tam tikras naudotoj\u0173 parinktis arba veiksmus, kai svetain\u0117 aplankoma i\u0161 naujo.<\/p>\n\n\n\n<p><strong>Pirmosios \u0161alies slapukai<\/strong><br>Tie slapukai, kurie reikalingi itopus.eu svetainei tinkamai funkcionuoti.<\/p>\n\n\n\n<p><strong>Tre\u010di\u0173j\u0173 \u0161ali\u0173 slapukai<\/strong><br>Tie slapukai, kuriuos naudoja kitos organizacijos per m\u016bs\u0173 svetain\u0119. M\u016bs\u0173 atveju, itopus.eu svetain\u0117je naudojami&nbsp;&nbsp;\u201eGoogle Analytics&#8221; slapukai, skirti analizuoti svetain\u0117s lankomum\u0105. \u201eGoogle Analytics&#8221; anonimi\u0161kai renka informacij\u0105 apie lankytoj\u0173 skai\u010di\u0173, viet\u0105, i\u0161 kurios buvo naudojamasi m\u016bs\u0173 svetaine, bei kokios svetain\u0117s dalys buvo nar\u0161omos lankytoj\u0173. \u0160ie slapukai yra sukurti \u201eGoogle Analytics&#8221;. Pla\u010diau apie \u201eGoogle Analytics&#8221; &#8211;&nbsp;<a href=\"http:\/\/www.google.com\/analytics\">http:\/\/www.google.com\/analytics<\/a>.<\/p>\n\n\n\n<p>Bet kokia informacija, surinkta per slapukus, yra saugoma iki slapuk\u0173 galiojimo pabaigos ir n\u0117ra naudojama kitais nei \u0161ioje politikoje nurodytais tikslais.<\/p>\n\n\n\n<p>M\u016bs\u0173 svetain\u0117je yra nuorod\u0173 \u012f kit\u0173 asmen\u0173, \u012fmoni\u0173 ar organizacij\u0173 interneto tinklalapius. Atkreipiame d\u0117mes\u012f, kad itopus.eu n\u0117ra atsakinga u\u017e toki\u0173 interneto tinklalapi\u0173 turin\u012f ar j\u0173 naudojamus privatumo u\u017etikrinimo principus. Tad jei paspaud\u0119 nuorod\u0105 i\u0161 itopus.eu&nbsp;interneto svetain\u0117s pateksite \u012f kitus tinklalapius, tur\u0117tum\u0117te atskirai pasidom\u0117ti j\u0173 privatumo politika.<\/p>\n\n\n\n<p><strong>J\u016bs\u0173 teis\u0117s<\/strong><\/p>\n\n\n\n<p>J\u016bs turite teis\u0119 susipa\u017einti su savo duomenimis, kuriuos mes, gav\u0119 naudojant slapukus, tvarkome. Taip pat J\u016bs turite teis\u0119 reikalauti i\u0161taisyti neteisingus, nei\u0161samius, netikslius savo duomenis.<\/p>\n\n\n\n<p>Kilus klausim\u0173 ar nor\u0117dami \u012fgyvendinti savo teises, susisiekite su mumis el. pa\u0161tu:&nbsp;<a href=\"mailto:office@itopus.eu.lt\">info@itopus.eu<\/a>&nbsp;arba kitais \u0161ioje svetain\u0117je nurodytais b\u016bdais.<\/p>\n","protected":false},"excerpt":{"rendered":"<p>DUOMEN\u0172 APSAUGA \u0160i\u0105 Privatumo ir slapuk\u0173 politik\u0105 (toliau \u2013 Politika) taikome tais atvejais, kai lankot\u0117s itopus.eu interneto svetain\u0117je. \u0160i Politika netaikoma, kai nar\u0161ote kit\u0173 bendrovi\u0173 interneto svetain\u0117se patekdami per itopus.eu interneto svetain\u0119. M\u016bs\u0173 interneto svetain\u0117s lankytoj\u0173 duomenis renkame laikydamiesi Lietuvos Respublikos asmens duomen\u0173 teisin\u0117s apsaugos \u012fstatymo, Lietuvos Respublikos elektronini\u0173 ry\u0161i\u0173 \u012fstatymo, Europos S\u0105jungos asmens duomen\u0173 [&hellip;]<\/p>\n","protected":false},"author":1,"featured_media":0,"parent":0,"menu_order":0,"comment_status":"closed","ping_status":"open","template":"","meta":{"footnotes":""},"_links":{"self":[{"href":"https:\/\/itopus.eu\/en\/wp-json\/wp\/v2\/pages\/6376"}],"collection":[{"href":"https:\/\/itopus.eu\/en\/wp-json\/wp\/v2\/pages"}],"about":[{"href":"https:\/\/itopus.eu\/en\/wp-json\/wp\/v2\/types\/page"}],"author":[{"embeddable":true,"href":"https:\/\/itopus.eu\/en\/wp-json\/wp\/v2\/users\/1"}],"replies":[{"embeddable":true,"href":"https:\/\/itopus.eu\/en\/wp-json\/wp\/v2\/comments?post=6376"}],"version-history":[{"count":1,"href":"https:\/\/itopus.eu\/en\/wp-json\/wp\/v2\/pages\/6376\/revisions"}],"predecessor-version":[{"id":6487,"href":"https:\/\/itopus.eu\/en\/wp-json\/wp\/v2\/pages\/6376\/revisions\/6487"}],"wp:attachment":[{"href":"https:\/\/itopus.eu\/en\/wp-json\/wp\/v2\/media?parent=6376"}],"curies":[{"name":"wp","href":"https:\/\/api.w.org\/{rel}","templated":true}]}}